{"id":30490,"date":"2025-12-15T17:45:44","date_gmt":"2025-12-15T17:45:44","guid":{"rendered":"https:\/\/www.pinsound.org\/?page_id=30490"},"modified":"2026-01-05T14:44:11","modified_gmt":"2026-01-05T14:44:11","slug":"eliodot-help","status":"publish","type":"page","link":"https:\/\/www.pinsound.org\/de\/support\/eliodot-help\/","title":{"rendered":"ELIODOT-Hilfe"},"content":{"rendered":"<div data-elementor-type=\"wp-page\" data-elementor-id=\"30490\" class=\"elementor elementor-30490\" data-elementor-post-type=\"page\">\n\t\t\t\t\t\t<section class=\"elementor-section elementor-top-section elementor-element elementor-element-31dcdaf1 elementor-section-boxed elementor-section-height-default elementor-section-height-default\" data-id=\"31dcdaf1\" data-element_type=\"section\" data-e-type=\"section\" data-settings=\"{&quot;background_background&quot;:&quot;gradient&quot;,&quot;shape_divider_bottom&quot;:&quot;arrow&quot;}\">\n\t\t\t\t\t<div class=\"elementor-shape elementor-shape-bottom\" aria-hidden=\"true\" data-negative=\"false\">\n\t\t\t<svg xmlns=\"http:\/\/www.w3.org\/2000\/svg\" viewbox=\"0 0 700 10\" preserveaspectratio=\"none\">\n\t<path class=\"elementor-shape-fill\" d=\"M350,10L340,0h20L350,10z\"\/>\n<\/svg>\t\t<\/div>\n\t\t\t\t\t<div class=\"elementor-container elementor-column-gap-default\">\n\t\t\t\t\t<div class=\"elementor-column elementor-col-100 elementor-top-column elementor-element elementor-element-5981be74\" data-id=\"5981be74\" data-element_type=\"column\" data-e-type=\"column\">\n\t\t\t<div class=\"elementor-widget-wrap elementor-element-populated\">\n\t\t\t\t\t\t<div class=\"elementor-element elementor-element-40dc0853 elementor-widget elementor-widget-heading\" data-id=\"40dc0853\" data-element_type=\"widget\" data-e-type=\"widget\" data-settings=\"{&quot;ekit_we_effect_on&quot;:&quot;none&quot;}\" data-widget_type=\"heading.default\">\n\t\t\t\t<div class=\"elementor-widget-container\">\n\t\t\t\t\t<h2 class=\"elementor-heading-title elementor-size-default\">ELIODOT<\/h2>\t\t\t\t<\/div>\n\t\t\t\t<\/div>\n\t\t\t\t<div class=\"elementor-element elementor-element-5d473519 elementor-widget-divider--view-line elementor-widget elementor-widget-divider\" data-id=\"5d473519\" data-element_type=\"widget\" data-e-type=\"widget\" data-settings=\"{&quot;ekit_we_effect_on&quot;:&quot;none&quot;}\" data-widget_type=\"divider.default\">\n\t\t\t\t<div class=\"elementor-widget-container\">\n\t\t\t\t\t\t\t<div class=\"elementor-divider\">\n\t\t\t<span class=\"elementor-divider-separator\">\n\t\t\t\t\t\t<\/span>\n\t\t<\/div>\n\t\t\t\t\t\t<\/div>\n\t\t\t\t<\/div>\n\t\t\t\t<div class=\"elementor-element elementor-element-2ca7643e elementor-widget elementor-widget-text-editor\" data-id=\"2ca7643e\" data-element_type=\"widget\" data-e-type=\"widget\" data-settings=\"{&quot;ekit_we_effect_on&quot;:&quot;none&quot;}\" data-widget_type=\"text-editor.default\">\n\t\t\t\t<div class=\"elementor-widget-container\">\n\t\t\t\t\t\t\t\t\t<p>Wie k\u00f6nnen wir Ihnen helfen?<\/p>\t\t\t\t\t\t\t\t<\/div>\n\t\t\t\t<\/div>\n\t\t\t\t\t<\/div>\n\t\t<\/div>\n\t\t\t\t\t<\/div>\n\t\t<\/section>\n\t\t\t\t<section class=\"elementor-section elementor-top-section elementor-element elementor-element-59d5abf5 elementor-section-boxed elementor-section-height-default elementor-section-height-default\" data-id=\"59d5abf5\" data-element_type=\"section\" data-e-type=\"section\">\n\t\t\t\t\t\t<div class=\"elementor-container elementor-column-gap-default\">\n\t\t\t\t\t<div class=\"elementor-column elementor-col-50 elementor-top-column elementor-element elementor-element-604110cb\" data-id=\"604110cb\" data-element_type=\"column\" data-e-type=\"column\">\n\t\t\t<div class=\"elementor-widget-wrap elementor-element-populated\">\n\t\t\t\t\t\t<section class=\"elementor-section elementor-inner-section elementor-element elementor-element-6f7e6a1c elementor-section-boxed elementor-section-height-default elementor-section-height-default\" data-id=\"6f7e6a1c\" data-element_type=\"section\" data-e-type=\"section\" data-settings=\"{&quot;background_background&quot;:&quot;classic&quot;}\">\n\t\t\t\t\t\t<div class=\"elementor-container elementor-column-gap-default\">\n\t\t\t\t\t<div class=\"elementor-column elementor-col-100 elementor-inner-column elementor-element elementor-element-4551be79\" data-id=\"4551be79\" data-element_type=\"column\" data-e-type=\"column\" data-settings=\"{&quot;background_background&quot;:&quot;classic&quot;}\">\n\t\t\t<div class=\"elementor-widget-wrap elementor-element-populated\">\n\t\t\t\t\t\t<div class=\"elementor-element elementor-element-c7e8dc2 elementor-widget elementor-widget-heading\" data-id=\"c7e8dc2\" data-element_type=\"widget\" data-e-type=\"widget\" data-settings=\"{&quot;ekit_we_effect_on&quot;:&quot;none&quot;}\" data-widget_type=\"heading.default\">\n\t\t\t\t<div class=\"elementor-widget-container\">\n\t\t\t\t\t<h2 class=\"elementor-heading-title elementor-size-default\">Installation<\/h2>\t\t\t\t<\/div>\n\t\t\t\t<\/div>\n\t\t\t\t<div class=\"elementor-element elementor-element-63467832 elementor-widget-divider--view-line elementor-widget elementor-widget-divider\" data-id=\"63467832\" data-element_type=\"widget\" data-e-type=\"widget\" data-settings=\"{&quot;ekit_we_effect_on&quot;:&quot;none&quot;}\" data-widget_type=\"divider.default\">\n\t\t\t\t<div class=\"elementor-widget-container\">\n\t\t\t\t\t\t\t<div class=\"elementor-divider\">\n\t\t\t<span class=\"elementor-divider-separator\">\n\t\t\t\t\t\t<\/span>\n\t\t<\/div>\n\t\t\t\t\t\t<\/div>\n\t\t\t\t<\/div>\n\t\t\t\t<div class=\"elementor-element elementor-element-f31d8e4 elementor-widget elementor-widget-text-editor\" data-id=\"f31d8e4\" data-element_type=\"widget\" data-e-type=\"widget\" data-settings=\"{&quot;ekit_we_effect_on&quot;:&quot;none&quot;}\" data-widget_type=\"text-editor.default\">\n\t\t\t\t<div class=\"elementor-widget-container\">\n\t\t\t\t\t\t\t\t\t<ul><li>Schalten Sie Ihren Flipper aus.<\/li><li>\u00d6ffnen Sie die Backbox und klappen Sie das speaker panel herunter.<\/li><li>Trennen Sie das Original-DMD ab: 1 Flachbandkabel, 1 Stromversorgungskabel.<\/li><li>Entfernen Sie das urspr\u00fcngliche DMD: 4 oder 6 Schrauben.<\/li><li>ELIODOT einbauen und anschlie\u00dfen.<\/li><li>Stellen Sie den Spannungswahlschalter so ein, dass er zum verwendeten Stromversorgungsanschluss passt (Nieder- oder Hochspannung) \u26a0\ufe0f<strong> diesen schalter nicht unter strom bewegen!<\/strong><\/li><li>Schlie\u00dfen Sie die Backbox und schalten Sie das Ger\u00e4t ein.<\/li><li>Stellen Sie die Helligkeit des Displays mit der seitlichen Taste ein.<\/li><\/ul>\t\t\t\t\t\t\t\t<\/div>\n\t\t\t\t<\/div>\n\t\t\t\t\t<\/div>\n\t\t<\/div>\n\t\t\t\t\t<\/div>\n\t\t<\/section>\n\t\t\t\t\t<\/div>\n\t\t<\/div>\n\t\t\t\t<div class=\"elementor-column elementor-col-50 elementor-top-column elementor-element elementor-element-3e7bc17b\" data-id=\"3e7bc17b\" data-element_type=\"column\" data-e-type=\"column\">\n\t\t\t<div class=\"elementor-widget-wrap elementor-element-populated\">\n\t\t\t\t\t\t<div class=\"elementor-element elementor-element-26e2d1b3 elementor-widget elementor-widget-image\" data-id=\"26e2d1b3\" data-element_type=\"widget\" data-e-type=\"widget\" data-settings=\"{&quot;ekit_we_effect_on&quot;:&quot;none&quot;}\" data-widget_type=\"image.default\">\n\t\t\t\t<div class=\"elementor-widget-container\">\n\t\t\t\t\t\t\t\t\t\t\t\t\t\t\t<img fetchpriority=\"high\" decoding=\"async\" width=\"800\" height=\"505\" src=\"https:\/\/www.pinsound.org\/wp-content\/uploads\/2025\/12\/ELIODOT_On_2-1024x647.png\" class=\"attachment-large size-large wp-image-30439\" alt=\"\" srcset=\"https:\/\/www.pinsound.org\/wp-content\/uploads\/2025\/12\/ELIODOT_On_2-1024x647.png 1024w, https:\/\/www.pinsound.org\/wp-content\/uploads\/2025\/12\/ELIODOT_On_2-300x190.png 300w, https:\/\/www.pinsound.org\/wp-content\/uploads\/2025\/12\/ELIODOT_On_2-768x485.png 768w, https:\/\/www.pinsound.org\/wp-content\/uploads\/2025\/12\/ELIODOT_On_2-1536x971.png 1536w, https:\/\/www.pinsound.org\/wp-content\/uploads\/2025\/12\/ELIODOT_On_2-2048x1295.png 2048w, https:\/\/www.pinsound.org\/wp-content\/uploads\/2025\/12\/ELIODOT_On_2-18x12.png 18w, https:\/\/www.pinsound.org\/wp-content\/uploads\/2025\/12\/ELIODOT_On_2-396x250.png 396w\" sizes=\"(max-width: 800px) 100vw, 800px\" \/>\t\t\t\t\t\t\t\t\t\t\t\t\t\t\t<\/div>\n\t\t\t\t<\/div>\n\t\t\t\t\t<\/div>\n\t\t<\/div>\n\t\t\t\t\t<\/div>\n\t\t<\/section>\n\t\t\t\t<section class=\"elementor-section elementor-top-section elementor-element elementor-element-41f547cd elementor-section-boxed elementor-section-height-default elementor-section-height-default\" data-id=\"41f547cd\" data-element_type=\"section\" data-e-type=\"section\">\n\t\t\t\t\t\t<div class=\"elementor-container elementor-column-gap-default\">\n\t\t\t\t\t<div class=\"elementor-column elementor-col-100 elementor-top-column elementor-element elementor-element-1c5e58b8\" data-id=\"1c5e58b8\" data-element_type=\"column\" data-e-type=\"column\">\n\t\t\t<div class=\"elementor-widget-wrap elementor-element-populated\">\n\t\t\t\t\t\t<div class=\"elementor-element elementor-element-12c2d2f3 elementor-widget elementor-widget-heading\" data-id=\"12c2d2f3\" data-element_type=\"widget\" data-e-type=\"widget\" data-settings=\"{&quot;ekit_we_effect_on&quot;:&quot;none&quot;}\" data-widget_type=\"heading.default\">\n\t\t\t\t<div class=\"elementor-widget-container\">\n\t\t\t\t\t<h2 class=\"elementor-heading-title elementor-size-default\">\nFAQ<\/h2>\t\t\t\t<\/div>\n\t\t\t\t<\/div>\n\t\t\t\t<div class=\"elementor-element elementor-element-4c04617c elementor-widget-divider--view-line elementor-widget elementor-widget-divider\" data-id=\"4c04617c\" data-element_type=\"widget\" data-e-type=\"widget\" data-settings=\"{&quot;ekit_we_effect_on&quot;:&quot;none&quot;}\" data-widget_type=\"divider.default\">\n\t\t\t\t<div class=\"elementor-widget-container\">\n\t\t\t\t\t\t\t<div class=\"elementor-divider\">\n\t\t\t<span class=\"elementor-divider-separator\">\n\t\t\t\t\t\t<\/span>\n\t\t<\/div>\n\t\t\t\t\t\t<\/div>\n\t\t\t\t<\/div>\n\t\t\t\t<div class=\"elementor-element elementor-element-6d1a2052 elementor-widget elementor-widget-toggle\" data-id=\"6d1a2052\" data-element_type=\"widget\" data-e-type=\"widget\" data-settings=\"{&quot;ekit_we_effect_on&quot;:&quot;none&quot;}\" data-widget_type=\"toggle.default\">\n\t\t\t\t<div class=\"elementor-widget-container\">\n\t\t\t\t\t\t\t<div class=\"elementor-toggle\">\n\t\t\t\t\t\t\t<div class=\"elementor-toggle-item\">\n\t\t\t\t\t<div id=\"elementor-tab-title-1831\" class=\"elementor-tab-title\" data-tab=\"1\" role=\"button\" aria-controls=\"elementor-tab-content-1831\" aria-expanded=\"false\">\n\t\t\t\t\t\t\t\t\t\t\t\t<span class=\"elementor-toggle-icon elementor-toggle-icon-left\" aria-hidden=\"true\">\n\t\t\t\t\t\t\t\t\t\t\t\t\t\t\t<span class=\"elementor-toggle-icon-closed\"><i class=\"fas fa-caret-right\"><\/i><\/span>\n\t\t\t\t\t\t\t\t<span class=\"elementor-toggle-icon-opened\"><i class=\"elementor-toggle-icon-opened fas fa-caret-up\"><\/i><\/span>\n\t\t\t\t\t\t\t\t\t\t\t\t\t<\/span>\n\t\t\t\t\t\t\t\t\t\t\t\t<a class=\"elementor-toggle-title\" tabindex=\"0\">Einstellung der Helligkeit<\/a>\n\t\t\t\t\t<\/div>\n\n\t\t\t\t\t<div id=\"elementor-tab-content-1831\" class=\"elementor-tab-content elementor-clearfix\" data-tab=\"1\" role=\"region\" aria-labelledby=\"elementor-tab-title-1831\"><ul><li><p class=\"p1\">Dr\u00fccken Sie einfach die seitliche Taste, um den aktuellen F\u00fcllstand zu \u00fcberpr\u00fcfen.<\/p><\/li><li><p class=\"p1\">Dr\u00fccken Sie wiederholt, um die gew\u00fcnschte Helligkeit zu erreichen.<\/p><\/li><\/ul><p><strong>Hinweis: <\/strong>Die Helligkeitseinstellung bleibt nach dem Ausschalten erhalten.<\/p><\/div>\n\t\t\t\t<\/div>\n\t\t\t\t\t\t\t<div class=\"elementor-toggle-item\">\n\t\t\t\t\t<div id=\"elementor-tab-title-1832\" class=\"elementor-tab-title\" data-tab=\"2\" role=\"button\" aria-controls=\"elementor-tab-content-1832\" aria-expanded=\"false\">\n\t\t\t\t\t\t\t\t\t\t\t\t<span class=\"elementor-toggle-icon elementor-toggle-icon-left\" aria-hidden=\"true\">\n\t\t\t\t\t\t\t\t\t\t\t\t\t\t\t<span class=\"elementor-toggle-icon-closed\"><i class=\"fas fa-caret-right\"><\/i><\/span>\n\t\t\t\t\t\t\t\t<span class=\"elementor-toggle-icon-opened\"><i class=\"elementor-toggle-icon-opened fas fa-caret-up\"><\/i><\/span>\n\t\t\t\t\t\t\t\t\t\t\t\t\t<\/span>\n\t\t\t\t\t\t\t\t\t\t\t\t<a class=\"elementor-toggle-title\" tabindex=\"0\">Einstellungen f\u00fcr das Startlogo<\/a>\n\t\t\t\t\t<\/div>\n\n\t\t\t\t\t<div id=\"elementor-tab-content-1832\" class=\"elementor-tab-content elementor-clearfix\" data-tab=\"2\" role=\"region\" aria-labelledby=\"elementor-tab-title-1832\"><ol start=\"1\">\n \t<li>\n<p class=\"p1\">Halten Sie die seitliche Taste 3 Sekunden lang gedr\u00fcckt, um das Diagnosemen\u00fc aufzurufen.<\/p>\n<\/li>\n \t<li>\n<p class=\"p1\">Kurzer Klick zum Navigieren zu <span class=\"s1\"><b>Startup-Logo<\/b>\u00a0<\/span><\/p>\n<\/li>\n \t<li>\n<p class=\"p1\">Doppelklicken Sie auf die Schaltfl\u00e4che, um EIN oder AUS zu schalten.<\/p>\n<\/li>\n \t<li>\n<p class=\"p1\">Halten Sie die Taste 3 Sekunden lang gedr\u00fcckt, um zu speichern oder warten Sie auf die automatische Speicherung und Beendigung.<\/p>\n<\/li>\n<\/ol><\/div>\n\t\t\t\t<\/div>\n\t\t\t\t\t\t\t<div class=\"elementor-toggle-item\">\n\t\t\t\t\t<div id=\"elementor-tab-title-1833\" class=\"elementor-tab-title\" data-tab=\"3\" role=\"button\" aria-controls=\"elementor-tab-content-1833\" aria-expanded=\"false\">\n\t\t\t\t\t\t\t\t\t\t\t\t<span class=\"elementor-toggle-icon elementor-toggle-icon-left\" aria-hidden=\"true\">\n\t\t\t\t\t\t\t\t\t\t\t\t\t\t\t<span class=\"elementor-toggle-icon-closed\"><i class=\"fas fa-caret-right\"><\/i><\/span>\n\t\t\t\t\t\t\t\t<span class=\"elementor-toggle-icon-opened\"><i class=\"elementor-toggle-icon-opened fas fa-caret-up\"><\/i><\/span>\n\t\t\t\t\t\t\t\t\t\t\t\t\t<\/span>\n\t\t\t\t\t\t\t\t\t\t\t\t<a class=\"elementor-toggle-title\" tabindex=\"0\">Antiflicker (nur WPC)<\/a>\n\t\t\t\t\t<\/div>\n\n\t\t\t\t\t<div id=\"elementor-tab-content-1833\" class=\"elementor-tab-content elementor-clearfix\" data-tab=\"3\" role=\"region\" aria-labelledby=\"elementor-tab-title-1833\"><table style=\"border-collapse: collapse; width: 80%;\">\n  <tr>\n    <td style=\"vertical-align: middle;\">\n<ol start=\"1\">\n \t<li>\n<p class=\"p1\">Halten Sie die seitliche Taste 3 Sekunden lang gedr\u00fcckt, um das Men\u00fc zu \u00f6ffnen.<\/p>\n<\/li>\n \t<li>\n<p class=\"p1\">Kurzer Klick zum Navigieren zu <span class=\"s1\"><b>Antiflicker<\/b><\/span>.<\/p>\n<\/li>\n \t<li>\n<p class=\"p1\">Doppelklicken Sie, um ON oder OFF zu \u00e4ndern.<\/p>\n<\/li>\n \t<li>\n<p class=\"p1\">Halten Sie die Taste 3 Sekunden lang gedr\u00fcckt, um zu speichern oder warten Sie auf die automatische Speicherung und Beendigung.<\/p>\n<\/li>\n<\/ol>\n<\/td>\n<td style=\"text-align: center; vertical-align: middle; width:40%;\">\n<img decoding=\"async\" src=\"https:\/\/www.pinsound.org\/wp-content\/uploads\/official\/AVIFs\/Gif_Anti-Flicker.avif\" alt=\"Animated GIF of the antiflicker in action.\" width=\"90%\"\/>\n<\/td>\n<\/tr>\n<\/table>\n<p class=\"p1\"><strong>Hinweis<\/strong>: Die Antiflicker-Funktion ist nur bei WPC-Spielen verf\u00fcgbar. Sie wird automatisch aktiviert, kann aber bei Bedarf in den Men\u00fceinstellungen manuell ausgeschaltet werden.<\/p><\/div>\n\t\t\t\t<\/div>\n\t\t\t\t\t\t\t<div class=\"elementor-toggle-item\">\n\t\t\t\t\t<div id=\"elementor-tab-title-1834\" class=\"elementor-tab-title\" data-tab=\"4\" role=\"button\" aria-controls=\"elementor-tab-content-1834\" aria-expanded=\"false\">\n\t\t\t\t\t\t\t\t\t\t\t\t<span class=\"elementor-toggle-icon elementor-toggle-icon-left\" aria-hidden=\"true\">\n\t\t\t\t\t\t\t\t\t\t\t\t\t\t\t<span class=\"elementor-toggle-icon-closed\"><i class=\"fas fa-caret-right\"><\/i><\/span>\n\t\t\t\t\t\t\t\t<span class=\"elementor-toggle-icon-opened\"><i class=\"elementor-toggle-icon-opened fas fa-caret-up\"><\/i><\/span>\n\t\t\t\t\t\t\t\t\t\t\t\t\t<\/span>\n\t\t\t\t\t\t\t\t\t\t\t\t<a class=\"elementor-toggle-title\" tabindex=\"0\">Jedi-Schnittstelle (noch nicht verf\u00fcgbar)<\/a>\n\t\t\t\t\t<\/div>\n\n\t\t\t\t\t<div id=\"elementor-tab-content-1834\" class=\"elementor-tab-content elementor-clearfix\" data-tab=\"4\" role=\"region\" aria-labelledby=\"elementor-tab-title-1834\"><p>(noch nicht verf\u00fcgbar, weitere Informationen, sobald optionale Hardware verf\u00fcgbar ist)<\/p><\/div>\n\t\t\t\t<\/div>\n\t\t\t\t\t\t\t<div class=\"elementor-toggle-item\">\n\t\t\t\t\t<div id=\"elementor-tab-title-1835\" class=\"elementor-tab-title\" data-tab=\"5\" role=\"button\" aria-controls=\"elementor-tab-content-1835\" aria-expanded=\"false\">\n\t\t\t\t\t\t\t\t\t\t\t\t<span class=\"elementor-toggle-icon elementor-toggle-icon-left\" aria-hidden=\"true\">\n\t\t\t\t\t\t\t\t\t\t\t\t\t\t\t<span class=\"elementor-toggle-icon-closed\"><i class=\"fas fa-caret-right\"><\/i><\/span>\n\t\t\t\t\t\t\t\t<span class=\"elementor-toggle-icon-opened\"><i class=\"elementor-toggle-icon-opened fas fa-caret-up\"><\/i><\/span>\n\t\t\t\t\t\t\t\t\t\t\t\t\t<\/span>\n\t\t\t\t\t\t\t\t\t\t\t\t<a class=\"elementor-toggle-title\" tabindex=\"0\">Sicherungen<\/a>\n\t\t\t\t\t<\/div>\n\n\t\t\t\t\t<div id=\"elementor-tab-content-1835\" class=\"elementor-tab-content elementor-clearfix\" data-tab=\"5\" role=\"region\" aria-labelledby=\"elementor-tab-title-1835\"><ul><li><p class=\"p1\"><span class=\"s1\"><b>FE1:<\/b><\/span> 3 A Schnell<\/p><\/li><li><p class=\"p1\"><span class=\"s1\"><b>FE2:<\/b><\/span> 500 mA Schnell<\/p><\/li><\/ul><\/div>\n\t\t\t\t<\/div>\n\t\t\t\t\t\t\t<div class=\"elementor-toggle-item\">\n\t\t\t\t\t<div id=\"elementor-tab-title-1836\" class=\"elementor-tab-title\" data-tab=\"6\" role=\"button\" aria-controls=\"elementor-tab-content-1836\" aria-expanded=\"false\">\n\t\t\t\t\t\t\t\t\t\t\t\t<span class=\"elementor-toggle-icon elementor-toggle-icon-left\" aria-hidden=\"true\">\n\t\t\t\t\t\t\t\t\t\t\t\t\t\t\t<span class=\"elementor-toggle-icon-closed\"><i class=\"fas fa-caret-right\"><\/i><\/span>\n\t\t\t\t\t\t\t\t<span class=\"elementor-toggle-icon-opened\"><i class=\"elementor-toggle-icon-opened fas fa-caret-up\"><\/i><\/span>\n\t\t\t\t\t\t\t\t\t\t\t\t\t<\/span>\n\t\t\t\t\t\t\t\t\t\t\t\t<a class=\"elementor-toggle-title\" tabindex=\"0\">ColorDMD-Ersatz<\/a>\n\t\t\t\t\t<\/div>\n\n\t\t\t\t\t<div id=\"elementor-tab-content-1836\" class=\"elementor-tab-content elementor-clearfix\" data-tab=\"6\" role=\"region\" aria-labelledby=\"elementor-tab-title-1836\"><p>Sie k\u00f6nnen Ihren ColorDMD ersetzen und den vorhandenen ColorDMD-Kabelbaum zur Stromversorgung Ihres ELIODOT verwenden.<\/p><p>Vergessen Sie nicht, den Spannungsw\u00e4hler auf \"Niederspannung\" zu stellen (die Maschine muss ausgeschaltet sein, bevor Sie diesen Schalter bet\u00e4tigen).<\/p><p><a href=\"https:\/\/www.pinsound.org\/wp-content\/uploads\/2025\/12\/ELIODOT_ColorDMD-scaled.jpg\"><img decoding=\"async\" class=\"alignleft wp-image-30607 size-large\" src=\"https:\/\/www.pinsound.org\/wp-content\/uploads\/2025\/12\/ELIODOT_ColorDMD-1024x998.jpg\" alt=\"\" width=\"800\" height=\"780\" srcset=\"https:\/\/www.pinsound.org\/wp-content\/uploads\/2025\/12\/ELIODOT_ColorDMD-1024x998.jpg 1024w, https:\/\/www.pinsound.org\/wp-content\/uploads\/2025\/12\/ELIODOT_ColorDMD-300x292.jpg 300w, https:\/\/www.pinsound.org\/wp-content\/uploads\/2025\/12\/ELIODOT_ColorDMD-768x748.jpg 768w, https:\/\/www.pinsound.org\/wp-content\/uploads\/2025\/12\/ELIODOT_ColorDMD-1536x1496.jpg 1536w, https:\/\/www.pinsound.org\/wp-content\/uploads\/2025\/12\/ELIODOT_ColorDMD-2048x1995.jpg 2048w, https:\/\/www.pinsound.org\/wp-content\/uploads\/2025\/12\/ELIODOT_ColorDMD-12x12.jpg 12w, https:\/\/www.pinsound.org\/wp-content\/uploads\/2025\/12\/ELIODOT_ColorDMD-257x250.jpg 257w\" sizes=\"(max-width: 800px) 100vw, 800px\" \/><\/a><\/p><\/div>\n\t\t\t\t<\/div>\n\t\t\t\t\t\t\t\t<\/div>\n\t\t\t\t\t\t<\/div>\n\t\t\t\t<\/div>\n\t\t\t\t\t<\/div>\n\t\t<\/div>\n\t\t\t\t\t<\/div>\n\t\t<\/section>\n\t\t\t\t<section class=\"elementor-section elementor-top-section elementor-element elementor-element-3b010624 elementor-section-boxed elementor-section-height-default elementor-section-height-default\" data-id=\"3b010624\" data-element_type=\"section\" data-e-type=\"section\" data-settings=\"{&quot;background_background&quot;:&quot;classic&quot;}\">\n\t\t\t\t\t\t<div class=\"elementor-container elementor-column-gap-default\">\n\t\t\t\t\t<div class=\"elementor-column elementor-col-100 elementor-top-column elementor-element elementor-element-1c9215dd\" data-id=\"1c9215dd\" data-element_type=\"column\" data-e-type=\"column\">\n\t\t\t<div class=\"elementor-widget-wrap elementor-element-populated\">\n\t\t\t\t\t\t<section class=\"elementor-section elementor-inner-section elementor-element elementor-element-4a5a9c2e elementor-section-boxed elementor-section-height-default elementor-section-height-default\" data-id=\"4a5a9c2e\" data-element_type=\"section\" data-e-type=\"section\">\n\t\t\t\t\t\t<div class=\"elementor-container elementor-column-gap-default\">\n\t\t\t\t\t<div class=\"elementor-column elementor-col-50 elementor-inner-column elementor-element elementor-element-26b58199\" data-id=\"26b58199\" data-element_type=\"column\" data-e-type=\"column\">\n\t\t\t<div class=\"elementor-widget-wrap elementor-element-populated\">\n\t\t\t\t\t\t<div class=\"elementor-element elementor-element-f75b819 elementor-widget elementor-widget-image\" data-id=\"f75b819\" data-element_type=\"widget\" data-e-type=\"widget\" data-settings=\"{&quot;ekit_we_effect_on&quot;:&quot;none&quot;}\" data-widget_type=\"image.default\">\n\t\t\t\t<div class=\"elementor-widget-container\">\n\t\t\t\t\t\t\t\t\t\t\t\t\t\t\t<img decoding=\"async\" width=\"800\" height=\"104\" src=\"https:\/\/www.pinsound.org\/wp-content\/uploads\/2025\/12\/ELIODOT_Black_Logo-1024x133.png\" class=\"attachment-large size-large wp-image-30491\" alt=\"\" srcset=\"https:\/\/www.pinsound.org\/wp-content\/uploads\/2025\/12\/ELIODOT_Black_Logo-1024x133.png 1024w, https:\/\/www.pinsound.org\/wp-content\/uploads\/2025\/12\/ELIODOT_Black_Logo-300x39.png 300w, https:\/\/www.pinsound.org\/wp-content\/uploads\/2025\/12\/ELIODOT_Black_Logo-768x99.png 768w, https:\/\/www.pinsound.org\/wp-content\/uploads\/2025\/12\/ELIODOT_Black_Logo-1536x199.png 1536w, https:\/\/www.pinsound.org\/wp-content\/uploads\/2025\/12\/ELIODOT_Black_Logo-2048x265.png 2048w, https:\/\/www.pinsound.org\/wp-content\/uploads\/2025\/12\/ELIODOT_Black_Logo-18x2.png 18w, https:\/\/www.pinsound.org\/wp-content\/uploads\/2025\/12\/ELIODOT_Black_Logo-400x52.png 400w\" sizes=\"(max-width: 800px) 100vw, 800px\" \/>\t\t\t\t\t\t\t\t\t\t\t\t\t\t\t<\/div>\n\t\t\t\t<\/div>\n\t\t\t\t\t<\/div>\n\t\t<\/div>\n\t\t\t\t<div class=\"elementor-column elementor-col-50 elementor-inner-column elementor-element elementor-element-d12ba6d\" data-id=\"d12ba6d\" data-element_type=\"column\" data-e-type=\"column\">\n\t\t\t<div class=\"elementor-widget-wrap elementor-element-populated\">\n\t\t\t\t\t\t<div class=\"elementor-element elementor-element-12b3e6a5 elementor-widget elementor-widget-heading\" data-id=\"12b3e6a5\" data-element_type=\"widget\" data-e-type=\"widget\" data-settings=\"{&quot;ekit_we_effect_on&quot;:&quot;none&quot;}\" data-widget_type=\"heading.default\">\n\t\t\t\t<div class=\"elementor-widget-container\">\n\t\t\t\t\t<h2 class=\"elementor-heading-title elementor-size-default\">ELIODOT<\/h2>\t\t\t\t<\/div>\n\t\t\t\t<\/div>\n\t\t\t\t<div class=\"elementor-element elementor-element-46c1e66 elementor-widget elementor-widget-heading\" data-id=\"46c1e66\" data-element_type=\"widget\" data-e-type=\"widget\" data-settings=\"{&quot;ekit_we_effect_on&quot;:&quot;none&quot;}\" data-widget_type=\"heading.default\">\n\t\t\t\t<div class=\"elementor-widget-container\">\n\t\t\t\t\t<h3 class=\"elementor-heading-title elementor-size-default\">Universal DMD Led Display<\/h3>\t\t\t\t<\/div>\n\t\t\t\t<\/div>\n\t\t\t\t<div class=\"elementor-element elementor-element-7863f480 elementor-align-right elementor-widget elementor-widget-button\" data-id=\"7863f480\" data-element_type=\"widget\" data-e-type=\"widget\" data-settings=\"{&quot;ekit_we_effect_on&quot;:&quot;none&quot;}\" data-widget_type=\"button.default\">\n\t\t\t\t<div class=\"elementor-widget-container\">\n\t\t\t\t\t\t\t\t\t<div class=\"elementor-button-wrapper\">\n\t\t\t\t\t<a class=\"elementor-button elementor-button-link elementor-size-md elementor-animation-grow\" href=\"\/shop\/157-eliodot-dmd-led-display.html\/\">\n\t\t\t\t\t\t<span class=\"elementor-button-content-wrapper\">\n\t\t\t\t\t\t\t\t\t<span class=\"elementor-button-text\">Holen Sie sich Ihre jetzt!<\/span>\n\t\t\t\t\t<\/span>\n\t\t\t\t\t<\/a>\n\t\t\t\t<\/div>\n\t\t\t\t\t\t\t\t<\/div>\n\t\t\t\t<\/div>\n\t\t\t\t\t<\/div>\n\t\t<\/div>\n\t\t\t\t\t<\/div>\n\t\t<\/section>\n\t\t\t\t\t<\/div>\n\t\t<\/div>\n\t\t\t\t\t<\/div>\n\t\t<\/section>\n\t\t\t\t<\/div>","protected":false},"excerpt":{"rendered":"<p>ELIODOT How can we help you? Installation Turn off your pinball machine. Open the backbox and fold down the speaker panel. Disconnect original DMD: 1 ribbon cable, 1 power supply cable. Remove the original DMD: 4 or 6 screws. Fit and connect ELIODOT. Set the voltage selector switch to match the used power supply connector [&hellip;]<\/p>\n","protected":false},"author":161,"featured_media":30492,"parent":9297,"menu_order":0,"comment_status":"closed","ping_status":"closed","template":"elementor_header_footer","meta":{"_acf_changed":false,"footnotes":""},"categories":[],"class_list":["post-30490","page","type-page","status-publish","has-post-thumbnail","hentry"],"acf":[],"_links":{"self":[{"href":"https:\/\/www.pinsound.org\/de\/wp-json\/wp\/v2\/pages\/30490","targetHints":{"allow":["GET"]}}],"collection":[{"href":"https:\/\/www.pinsound.org\/de\/wp-json\/wp\/v2\/pages"}],"about":[{"href":"https:\/\/www.pinsound.org\/de\/wp-json\/wp\/v2\/types\/page"}],"author":[{"embeddable":true,"href":"https:\/\/www.pinsound.org\/de\/wp-json\/wp\/v2\/users\/161"}],"replies":[{"embeddable":true,"href":"https:\/\/www.pinsound.org\/de\/wp-json\/wp\/v2\/comments?post=30490"}],"version-history":[{"count":37,"href":"https:\/\/www.pinsound.org\/de\/wp-json\/wp\/v2\/pages\/30490\/revisions"}],"predecessor-version":[{"id":31545,"href":"https:\/\/www.pinsound.org\/de\/wp-json\/wp\/v2\/pages\/30490\/revisions\/31545"}],"up":[{"embeddable":true,"href":"https:\/\/www.pinsound.org\/de\/wp-json\/wp\/v2\/pages\/9297"}],"wp:featuredmedia":[{"embeddable":true,"href":"https:\/\/www.pinsound.org\/de\/wp-json\/wp\/v2\/media\/30492"}],"wp:attachment":[{"href":"https:\/\/www.pinsound.org\/de\/wp-json\/wp\/v2\/media?parent=30490"}],"wp:term":[{"taxonomy":"category","embeddable":true,"href":"https:\/\/www.pinsound.org\/de\/wp-json\/wp\/v2\/categories?post=30490"}],"curies":[{"name":"wp","href":"https:\/\/api.w.org\/{rel}","templated":true}]}}