{"id":10022,"date":"2021-04-06T18:07:59","date_gmt":"2021-04-06T18:07:59","guid":{"rendered":"https:\/\/dev.pinsound.org\/?page_id=10022"},"modified":"2026-04-01T06:20:37","modified_gmt":"2026-04-01T06:20:37","slug":"wpc95-audio-video-replacement-help","status":"publish","type":"page","link":"https:\/\/www.pinsound.org\/fr\/support\/wpc95-audio-video-replacement-help\/","title":{"rendered":"WPC95 Remplacement audio-vid\u00e9o"},"content":{"rendered":"<div data-elementor-type=\"wp-page\" data-elementor-id=\"10022\" class=\"elementor elementor-10022\" data-elementor-post-type=\"page\">\n\t\t\t\t\t\t<section class=\"elementor-section elementor-top-section elementor-element elementor-element-19e4a803 elementor-section-boxed elementor-section-height-default elementor-section-height-default\" data-id=\"19e4a803\" data-element_type=\"section\" data-e-type=\"section\" data-settings=\"{&quot;background_background&quot;:&quot;gradient&quot;,&quot;shape_divider_bottom&quot;:&quot;arrow&quot;}\">\n\t\t\t\t\t<div class=\"elementor-shape elementor-shape-bottom\" aria-hidden=\"true\" data-negative=\"false\">\n\t\t\t<svg xmlns=\"http:\/\/www.w3.org\/2000\/svg\" viewbox=\"0 0 700 10\" preserveaspectratio=\"none\">\n\t<path class=\"elementor-shape-fill\" d=\"M350,10L340,0h20L350,10z\"\/>\n<\/svg>\t\t<\/div>\n\t\t\t\t\t<div class=\"elementor-container elementor-column-gap-default\">\n\t\t\t\t\t<div class=\"elementor-column elementor-col-100 elementor-top-column elementor-element elementor-element-6cd625ac\" data-id=\"6cd625ac\" data-element_type=\"column\" data-e-type=\"column\">\n\t\t\t<div class=\"elementor-widget-wrap elementor-element-populated\">\n\t\t\t\t\t\t<div class=\"elementor-element elementor-element-9bcb21c elementor-widget elementor-widget-heading\" data-id=\"9bcb21c\" data-element_type=\"widget\" data-e-type=\"widget\" data-settings=\"{&quot;ekit_we_effect_on&quot;:&quot;none&quot;}\" data-widget_type=\"heading.default\">\n\t\t\t\t<div class=\"elementor-widget-container\">\n\t\t\t\t\t<h2 class=\"elementor-heading-title elementor-size-default\">WPC95 Remplacement audio\/vid\u00e9o<\/h2>\t\t\t\t<\/div>\n\t\t\t\t<\/div>\n\t\t\t\t<div class=\"elementor-element elementor-element-998fa6a elementor-widget-divider--view-line elementor-widget elementor-widget-divider\" data-id=\"998fa6a\" data-element_type=\"widget\" data-e-type=\"widget\" data-settings=\"{&quot;ekit_we_effect_on&quot;:&quot;none&quot;}\" data-widget_type=\"divider.default\">\n\t\t\t\t<div class=\"elementor-widget-container\">\n\t\t\t\t\t\t\t<div class=\"elementor-divider\">\n\t\t\t<span class=\"elementor-divider-separator\">\n\t\t\t\t\t\t<\/span>\n\t\t<\/div>\n\t\t\t\t\t\t<\/div>\n\t\t\t\t<\/div>\n\t\t\t\t<div class=\"elementor-element elementor-element-2b6e61b4 elementor-widget elementor-widget-text-editor\" data-id=\"2b6e61b4\" data-element_type=\"widget\" data-e-type=\"widget\" data-settings=\"{&quot;ekit_we_effect_on&quot;:&quot;none&quot;}\" data-widget_type=\"text-editor.default\">\n\t\t\t\t<div class=\"elementor-widget-container\">\n\t\t\t\t\t\t\t\t\t<p>Comment pouvons-nous vous aider?<\/p>\t\t\t\t\t\t\t\t<\/div>\n\t\t\t\t<\/div>\n\t\t\t\t\t<\/div>\n\t\t<\/div>\n\t\t\t\t\t<\/div>\n\t\t<\/section>\n\t\t\t\t<section class=\"elementor-section elementor-top-section elementor-element elementor-element-1a226a3a elementor-section-boxed elementor-section-height-default elementor-section-height-default\" data-id=\"1a226a3a\" data-element_type=\"section\" data-e-type=\"section\">\n\t\t\t\t\t\t<div class=\"elementor-container elementor-column-gap-default\">\n\t\t\t\t\t<div class=\"elementor-column elementor-col-50 elementor-top-column elementor-element elementor-element-2aff03ba\" data-id=\"2aff03ba\" data-element_type=\"column\" data-e-type=\"column\">\n\t\t\t<div class=\"elementor-widget-wrap elementor-element-populated\">\n\t\t\t\t\t\t<div class=\"elementor-element elementor-element-1ae44bee elementor-widget elementor-widget-image\" data-id=\"1ae44bee\" data-element_type=\"widget\" data-e-type=\"widget\" data-settings=\"{&quot;ekit_we_effect_on&quot;:&quot;none&quot;}\" data-widget_type=\"image.default\">\n\t\t\t\t<div class=\"elementor-widget-container\">\n\t\t\t\t\t\t\t\t\t\t\t\t\t\t\t<img fetchpriority=\"high\" decoding=\"async\" width=\"300\" height=\"179\" src=\"https:\/\/www.pinsound.org\/wp-content\/uploads\/2021\/04\/pack_pinsoundplus_dmdlux_noav-300x179-1.png\" class=\"attachment-large size-large wp-image-10026\" alt=\"\" srcset=\"https:\/\/www.pinsound.org\/wp-content\/uploads\/2021\/04\/pack_pinsoundplus_dmdlux_noav-300x179-1.png 300w, https:\/\/www.pinsound.org\/wp-content\/uploads\/2021\/04\/pack_pinsoundplus_dmdlux_noav-300x179-1-18x12.png 18w, https:\/\/www.pinsound.org\/wp-content\/uploads\/2021\/04\/pack_pinsoundplus_dmdlux_noav-300x179-1-16x10.png 16w\" sizes=\"(max-width: 300px) 100vw, 300px\" \/>\t\t\t\t\t\t\t\t\t\t\t\t\t\t\t<\/div>\n\t\t\t\t<\/div>\n\t\t\t\t\t<\/div>\n\t\t<\/div>\n\t\t\t\t<div class=\"elementor-column elementor-col-50 elementor-top-column elementor-element elementor-element-96414c8\" data-id=\"96414c8\" data-element_type=\"column\" data-e-type=\"column\">\n\t\t\t<div class=\"elementor-widget-wrap elementor-element-populated\">\n\t\t\t\t\t\t<div class=\"elementor-element elementor-element-0d961b4 elementor-widget elementor-widget-image\" data-id=\"0d961b4\" data-element_type=\"widget\" data-e-type=\"widget\" data-settings=\"{&quot;ekit_we_effect_on&quot;:&quot;none&quot;}\" data-widget_type=\"image.default\">\n\t\t\t\t<div class=\"elementor-widget-container\">\n\t\t\t\t\t\t\t\t\t\t\t\t\t\t\t<img decoding=\"async\" width=\"800\" height=\"468\" src=\"https:\/\/www.pinsound.org\/wp-content\/uploads\/2021\/04\/pack_pinsoundplus_dmdlux_noav_backbox-1024x599-1.png\" class=\"attachment-large size-large wp-image-10024\" alt=\"\" srcset=\"https:\/\/www.pinsound.org\/wp-content\/uploads\/2021\/04\/pack_pinsoundplus_dmdlux_noav_backbox-1024x599-1.png 1024w, https:\/\/www.pinsound.org\/wp-content\/uploads\/2021\/04\/pack_pinsoundplus_dmdlux_noav_backbox-1024x599-1-300x175.png 300w, https:\/\/www.pinsound.org\/wp-content\/uploads\/2021\/04\/pack_pinsoundplus_dmdlux_noav_backbox-1024x599-1-768x449.png 768w, https:\/\/www.pinsound.org\/wp-content\/uploads\/2021\/04\/pack_pinsoundplus_dmdlux_noav_backbox-1024x599-1-18x12.png 18w, https:\/\/www.pinsound.org\/wp-content\/uploads\/2021\/04\/pack_pinsoundplus_dmdlux_noav_backbox-1024x599-1-16x9.png 16w\" sizes=\"(max-width: 800px) 100vw, 800px\" \/>\t\t\t\t\t\t\t\t\t\t\t\t\t\t\t<\/div>\n\t\t\t\t<\/div>\n\t\t\t\t\t<\/div>\n\t\t<\/div>\n\t\t\t\t\t<\/div>\n\t\t<\/section>\n\t\t\t\t<section class=\"elementor-section elementor-top-section elementor-element elementor-element-bebcd39 elementor-section-boxed elementor-section-height-default elementor-section-height-default\" data-id=\"bebcd39\" data-element_type=\"section\" data-e-type=\"section\">\n\t\t\t\t\t\t<div class=\"elementor-container elementor-column-gap-default\">\n\t\t\t\t\t<div class=\"elementor-column elementor-col-100 elementor-top-column elementor-element elementor-element-63672a6\" data-id=\"63672a6\" data-element_type=\"column\" data-e-type=\"column\">\n\t\t\t<div class=\"elementor-widget-wrap elementor-element-populated\">\n\t\t\t\t\t\t<div class=\"elementor-element elementor-element-b81f507 elementor-widget elementor-widget-heading\" data-id=\"b81f507\" data-element_type=\"widget\" data-e-type=\"widget\" data-settings=\"{&quot;ekit_we_effect_on&quot;:&quot;none&quot;}\" data-widget_type=\"heading.default\">\n\t\t\t\t<div class=\"elementor-widget-container\">\n\t\t\t\t\t<h2 class=\"elementor-heading-title elementor-size-default\">Comment installer<\/h2>\t\t\t\t<\/div>\n\t\t\t\t<\/div>\n\t\t\t\t<div class=\"elementor-element elementor-element-bfc5d68 elementor-widget-divider--view-line elementor-widget elementor-widget-divider\" data-id=\"bfc5d68\" data-element_type=\"widget\" data-e-type=\"widget\" data-settings=\"{&quot;ekit_we_effect_on&quot;:&quot;none&quot;}\" data-widget_type=\"divider.default\">\n\t\t\t\t<div class=\"elementor-widget-container\">\n\t\t\t\t\t\t\t<div class=\"elementor-divider\">\n\t\t\t<span class=\"elementor-divider-separator\">\n\t\t\t\t\t\t<\/span>\n\t\t<\/div>\n\t\t\t\t\t\t<\/div>\n\t\t\t\t<\/div>\n\t\t\t\t<section class=\"elementor-section elementor-inner-section elementor-element elementor-element-e326095 elementor-section-boxed elementor-section-height-default elementor-section-height-default\" data-id=\"e326095\" data-element_type=\"section\" data-e-type=\"section\">\n\t\t\t\t\t\t<div class=\"elementor-container elementor-column-gap-default\">\n\t\t\t\t\t<div class=\"elementor-column elementor-col-50 elementor-inner-column elementor-element elementor-element-f397daa\" data-id=\"f397daa\" data-element_type=\"column\" data-e-type=\"column\">\n\t\t\t<div class=\"elementor-widget-wrap elementor-element-populated\">\n\t\t\t\t\t\t<div class=\"elementor-element elementor-element-51ff013 elementor-widget elementor-widget-heading\" data-id=\"51ff013\" data-element_type=\"widget\" data-e-type=\"widget\" data-settings=\"{&quot;ekit_we_effect_on&quot;:&quot;none&quot;}\" data-widget_type=\"heading.default\">\n\t\t\t\t<div class=\"elementor-widget-container\">\n\t\t\t\t\t<h5 class=\"elementor-heading-title elementor-size-default\">Comment installer une carte NEO ou PLUS dans un flipper Bally Williams WPC95<\/h5>\t\t\t\t<\/div>\n\t\t\t\t<\/div>\n\t\t\t\t<div class=\"elementor-element elementor-element-9d11f08 elementor-widget elementor-widget-video\" data-id=\"9d11f08\" data-element_type=\"widget\" data-e-type=\"widget\" data-settings=\"{&quot;youtube_url&quot;:&quot;https:\\\/\\\/youtu.be\\\/xx6OZ5iay9s&quot;,&quot;video_type&quot;:&quot;youtube&quot;,&quot;controls&quot;:&quot;yes&quot;,&quot;ekit_we_effect_on&quot;:&quot;none&quot;}\" data-widget_type=\"video.default\">\n\t\t\t\t<div class=\"elementor-widget-container\">\n\t\t\t\t\t\t\t<div class=\"elementor-wrapper elementor-open-inline\">\n\t\t\t<div class=\"elementor-video\"><\/div>\t\t<\/div>\n\t\t\t\t\t\t<\/div>\n\t\t\t\t<\/div>\n\t\t\t\t\t<\/div>\n\t\t<\/div>\n\t\t\t\t<div class=\"elementor-column elementor-col-50 elementor-inner-column elementor-element elementor-element-bd96baf\" data-id=\"bd96baf\" data-element_type=\"column\" data-e-type=\"column\">\n\t\t\t<div class=\"elementor-widget-wrap elementor-element-populated\">\n\t\t\t\t\t\t<div class=\"elementor-element elementor-element-7c1598a elementor-widget elementor-widget-heading\" data-id=\"7c1598a\" data-element_type=\"widget\" data-e-type=\"widget\" data-settings=\"{&quot;ekit_we_effect_on&quot;:&quot;none&quot;}\" data-widget_type=\"heading.default\">\n\t\t\t\t<div class=\"elementor-widget-container\">\n\t\t\t\t\t<h5 class=\"elementor-heading-title elementor-size-default\">Comment installer une carte contr\u00f4leur DMDLux dans un flipper Bally Williams WPC<\/h5>\t\t\t\t<\/div>\n\t\t\t\t<\/div>\n\t\t\t\t<div class=\"elementor-element elementor-element-5de9062 elementor-widget elementor-widget-video\" data-id=\"5de9062\" data-element_type=\"widget\" data-e-type=\"widget\" data-settings=\"{&quot;youtube_url&quot;:&quot;https:\\\/\\\/youtu.be\\\/cizUjLMevBU&quot;,&quot;video_type&quot;:&quot;youtube&quot;,&quot;controls&quot;:&quot;yes&quot;,&quot;ekit_we_effect_on&quot;:&quot;none&quot;}\" data-widget_type=\"video.default\">\n\t\t\t\t<div class=\"elementor-widget-container\">\n\t\t\t\t\t\t\t<div class=\"elementor-wrapper elementor-open-inline\">\n\t\t\t<div class=\"elementor-video\"><\/div>\t\t<\/div>\n\t\t\t\t\t\t<\/div>\n\t\t\t\t<\/div>\n\t\t\t\t\t<\/div>\n\t\t<\/div>\n\t\t\t\t\t<\/div>\n\t\t<\/section>\n\t\t\t\t\t<\/div>\n\t\t<\/div>\n\t\t\t\t\t<\/div>\n\t\t<\/section>\n\t\t\t\t<section class=\"elementor-section elementor-top-section elementor-element elementor-element-c35aaf6 elementor-section-boxed elementor-section-height-default elementor-section-height-default\" data-id=\"c35aaf6\" data-element_type=\"section\" data-e-type=\"section\">\n\t\t\t\t\t\t<div class=\"elementor-container elementor-column-gap-default\">\n\t\t\t\t\t<div class=\"elementor-column elementor-col-50 elementor-top-column elementor-element elementor-element-305e370\" data-id=\"305e370\" data-element_type=\"column\" data-e-type=\"column\">\n\t\t\t<div class=\"elementor-widget-wrap elementor-element-populated\">\n\t\t\t\t\t\t<section class=\"elementor-section elementor-inner-section elementor-element elementor-element-e57973a elementor-section-boxed elementor-section-height-default elementor-section-height-default\" data-id=\"e57973a\" data-element_type=\"section\" data-e-type=\"section\" data-settings=\"{&quot;background_background&quot;:&quot;classic&quot;}\">\n\t\t\t\t\t\t<div class=\"elementor-container elementor-column-gap-default\">\n\t\t\t\t\t<div class=\"elementor-column elementor-col-100 elementor-inner-column elementor-element elementor-element-44fca92\" data-id=\"44fca92\" data-element_type=\"column\" data-e-type=\"column\" data-settings=\"{&quot;background_background&quot;:&quot;classic&quot;}\">\n\t\t\t<div class=\"elementor-widget-wrap elementor-element-populated\">\n\t\t\t\t\t\t<div class=\"elementor-element elementor-element-247c610 elementor-widget elementor-widget-heading\" data-id=\"247c610\" data-element_type=\"widget\" data-e-type=\"widget\" data-settings=\"{&quot;ekit_we_effect_on&quot;:&quot;none&quot;}\" data-widget_type=\"heading.default\">\n\t\t\t\t<div class=\"elementor-widget-container\">\n\t\t\t\t\t<h2 class=\"elementor-heading-title elementor-size-default\">Manuel d'installation<\/h2>\t\t\t\t<\/div>\n\t\t\t\t<\/div>\n\t\t\t\t<div class=\"elementor-element elementor-element-5908807 elementor-widget-divider--view-line elementor-widget elementor-widget-divider\" data-id=\"5908807\" data-element_type=\"widget\" data-e-type=\"widget\" data-settings=\"{&quot;ekit_we_effect_on&quot;:&quot;none&quot;}\" data-widget_type=\"divider.default\">\n\t\t\t\t<div class=\"elementor-widget-container\">\n\t\t\t\t\t\t\t<div class=\"elementor-divider\">\n\t\t\t<span class=\"elementor-divider-separator\">\n\t\t\t\t\t\t<\/span>\n\t\t<\/div>\n\t\t\t\t\t\t<\/div>\n\t\t\t\t<\/div>\n\t\t\t\t\t<\/div>\n\t\t<\/div>\n\t\t\t\t\t<\/div>\n\t\t<\/section>\n\t\t\t\t<section class=\"elementor-section elementor-inner-section elementor-element elementor-element-aea4e9a elementor-section-boxed elementor-section-height-default elementor-section-height-default\" data-id=\"aea4e9a\" data-element_type=\"section\" data-e-type=\"section\" data-settings=\"{&quot;background_background&quot;:&quot;classic&quot;}\">\n\t\t\t\t\t\t\t<div class=\"elementor-background-overlay\"><\/div>\n\t\t\t\t\t\t\t<div class=\"elementor-container elementor-column-gap-default\">\n\t\t\t\t\t<div class=\"elementor-column elementor-col-50 elementor-inner-column elementor-element elementor-element-6be4cb3\" data-id=\"6be4cb3\" data-element_type=\"column\" data-e-type=\"column\">\n\t\t\t<div class=\"elementor-widget-wrap elementor-element-populated\">\n\t\t\t\t\t\t<div class=\"elementor-element elementor-element-68553f5 elementor-widget elementor-widget-image\" data-id=\"68553f5\" data-element_type=\"widget\" data-e-type=\"widget\" data-settings=\"{&quot;ekit_we_effect_on&quot;:&quot;none&quot;}\" data-widget_type=\"image.default\">\n\t\t\t\t<div class=\"elementor-widget-container\">\n\t\t\t\t\t\t\t\t\t\t\t\t\t\t\t\t<a href=\"https:\/\/www.pinsound.org\/wp-content\/uploads\/2021\/08\/2020-03-04_wpc95_noav_dmdlux_recto.png\" data-elementor-open-lightbox=\"yes\" data-elementor-lightbox-title=\"2020-03-04_wpc95_noav_dmdlux_recto\" data-e-action-hash=\"#elementor-action%3Aaction%3Dlightbox%26settings%3DeyJpZCI6MTE5MDksInVybCI6Imh0dHBzOlwvXC93d3cucGluc291bmQub3JnXC93cC1jb250ZW50XC91cGxvYWRzXC8yMDIxXC8wOFwvMjAyMC0wMy0wNF93cGM5NV9ub2F2X2RtZGx1eF9yZWN0by5wbmcifQ%3D%3D\">\n\t\t\t\t\t\t\t<img decoding=\"async\" width=\"150\" height=\"150\" src=\"https:\/\/www.pinsound.org\/wp-content\/uploads\/2021\/08\/2020-03-04_wpc95_noav_dmdlux_recto-150x150.png\" class=\"attachment-thumbnail size-thumbnail wp-image-11909\" alt=\"\" \/>\t\t\t\t\t\t\t\t<\/a>\n\t\t\t\t\t\t\t\t\t\t\t\t\t\t\t<\/div>\n\t\t\t\t<\/div>\n\t\t\t\t\t<\/div>\n\t\t<\/div>\n\t\t\t\t<div class=\"elementor-column elementor-col-50 elementor-inner-column elementor-element elementor-element-1b82dc3\" data-id=\"1b82dc3\" data-element_type=\"column\" data-e-type=\"column\">\n\t\t\t<div class=\"elementor-widget-wrap elementor-element-populated\">\n\t\t\t\t\t\t<div class=\"elementor-element elementor-element-6ca2763 elementor-widget elementor-widget-image\" data-id=\"6ca2763\" data-element_type=\"widget\" data-e-type=\"widget\" data-settings=\"{&quot;ekit_we_effect_on&quot;:&quot;none&quot;}\" data-widget_type=\"image.default\">\n\t\t\t\t<div class=\"elementor-widget-container\">\n\t\t\t\t\t\t\t\t\t\t\t\t\t\t\t\t<a href=\"https:\/\/www.pinsound.org\/wp-content\/uploads\/2021\/08\/2020-03-04_wpc95_noav_dmdlux_verso.png\" data-elementor-open-lightbox=\"yes\" data-elementor-lightbox-title=\"2020-03-04_wpc95_noav_dmdlux_verso\" data-e-action-hash=\"#elementor-action%3Aaction%3Dlightbox%26settings%3DeyJpZCI6MTE5MTAsInVybCI6Imh0dHBzOlwvXC93d3cucGluc291bmQub3JnXC93cC1jb250ZW50XC91cGxvYWRzXC8yMDIxXC8wOFwvMjAyMC0wMy0wNF93cGM5NV9ub2F2X2RtZGx1eF92ZXJzby5wbmcifQ%3D%3D\">\n\t\t\t\t\t\t\t<img loading=\"lazy\" decoding=\"async\" width=\"150\" height=\"150\" src=\"https:\/\/www.pinsound.org\/wp-content\/uploads\/2021\/08\/2020-03-04_wpc95_noav_dmdlux_verso-150x150.png\" class=\"attachment-thumbnail size-thumbnail wp-image-11910\" alt=\"\" \/>\t\t\t\t\t\t\t\t<\/a>\n\t\t\t\t\t\t\t\t\t\t\t\t\t\t\t<\/div>\n\t\t\t\t<\/div>\n\t\t\t\t\t<\/div>\n\t\t<\/div>\n\t\t\t\t\t<\/div>\n\t\t<\/section>\n\t\t\t\t<div class=\"elementor-element elementor-element-ff5e7b1 elementor-align-center elementor-widget elementor-widget-button\" data-id=\"ff5e7b1\" data-element_type=\"widget\" data-e-type=\"widget\" data-settings=\"{&quot;ekit_we_effect_on&quot;:&quot;none&quot;}\" data-widget_type=\"button.default\">\n\t\t\t\t<div class=\"elementor-widget-container\">\n\t\t\t\t\t\t\t\t\t<div class=\"elementor-button-wrapper\">\n\t\t\t\t\t<a class=\"elementor-button elementor-button-link elementor-size-lg elementor-animation-grow\" href=\"\/wp-content\/uploads\/2020\/02\/WPC95_no_audio_video_DMDLux_PinSound.pdf\">\n\t\t\t\t\t\t<span class=\"elementor-button-content-wrapper\">\n\t\t\t\t\t\t\t\t\t<span class=\"elementor-button-text\">T\u00e9l\u00e9charger le PDF<\/span>\n\t\t\t\t\t<\/span>\n\t\t\t\t\t<\/a>\n\t\t\t\t<\/div>\n\t\t\t\t\t\t\t\t<\/div>\n\t\t\t\t<\/div>\n\t\t\t\t\t<\/div>\n\t\t<\/div>\n\t\t\t\t<div class=\"elementor-column elementor-col-50 elementor-top-column elementor-element elementor-element-1d5619f\" data-id=\"1d5619f\" data-element_type=\"column\" data-e-type=\"column\">\n\t\t\t<div class=\"elementor-widget-wrap\">\n\t\t\t\t\t\t\t<\/div>\n\t\t<\/div>\n\t\t\t\t\t<\/div>\n\t\t<\/section>\n\t\t\t\t<section class=\"elementor-section elementor-top-section elementor-element elementor-element-23e3f971 elementor-section-boxed elementor-section-height-default elementor-section-height-default\" data-id=\"23e3f971\" data-element_type=\"section\" data-e-type=\"section\" data-settings=\"{&quot;background_background&quot;:&quot;classic&quot;}\">\n\t\t\t\t\t\t<div class=\"elementor-container elementor-column-gap-default\">\n\t\t\t\t\t<div class=\"elementor-column elementor-col-100 elementor-top-column elementor-element elementor-element-1d472732\" data-id=\"1d472732\" data-element_type=\"column\" data-e-type=\"column\">\n\t\t\t<div class=\"elementor-widget-wrap elementor-element-populated\">\n\t\t\t\t\t\t<section class=\"elementor-section elementor-inner-section elementor-element elementor-element-20a2706 elementor-section-boxed elementor-section-height-default elementor-section-height-default\" data-id=\"20a2706\" data-element_type=\"section\" data-e-type=\"section\">\n\t\t\t\t\t\t<div class=\"elementor-container elementor-column-gap-default\">\n\t\t\t\t\t<div class=\"elementor-column elementor-col-50 elementor-inner-column elementor-element elementor-element-3b78ab36\" data-id=\"3b78ab36\" data-element_type=\"column\" data-e-type=\"column\">\n\t\t\t<div class=\"elementor-widget-wrap elementor-element-populated\">\n\t\t\t\t\t\t<div class=\"elementor-element elementor-element-7649a8bb elementor-widget elementor-widget-image\" data-id=\"7649a8bb\" data-element_type=\"widget\" data-e-type=\"widget\" data-settings=\"{&quot;ekit_we_effect_on&quot;:&quot;none&quot;}\" data-widget_type=\"image.default\">\n\t\t\t\t<div class=\"elementor-widget-container\">\n\t\t\t\t\t\t\t\t\t\t\t\t\t\t\t<img loading=\"lazy\" decoding=\"async\" width=\"800\" height=\"555\" src=\"https:\/\/www.pinsound.org\/wp-content\/uploads\/2021\/04\/pack_pinsoundplus_dmdlux_noav_box-1024x711.png\" class=\"attachment-large size-large wp-image-10023\" alt=\"\" srcset=\"https:\/\/www.pinsound.org\/wp-content\/uploads\/2021\/04\/pack_pinsoundplus_dmdlux_noav_box-1024x711.png 1024w, https:\/\/www.pinsound.org\/wp-content\/uploads\/2021\/04\/pack_pinsoundplus_dmdlux_noav_box-300x208.png 300w, https:\/\/www.pinsound.org\/wp-content\/uploads\/2021\/04\/pack_pinsoundplus_dmdlux_noav_box-768x533.png 768w, https:\/\/www.pinsound.org\/wp-content\/uploads\/2021\/04\/pack_pinsoundplus_dmdlux_noav_box-1536x1066.png 1536w, https:\/\/www.pinsound.org\/wp-content\/uploads\/2021\/04\/pack_pinsoundplus_dmdlux_noav_box-2048x1422.png 2048w, https:\/\/www.pinsound.org\/wp-content\/uploads\/2021\/04\/pack_pinsoundplus_dmdlux_noav_box-18x12.png 18w, https:\/\/www.pinsound.org\/wp-content\/uploads\/2021\/04\/pack_pinsoundplus_dmdlux_noav_box-1320x916.png 1320w\" sizes=\"(max-width: 800px) 100vw, 800px\" \/>\t\t\t\t\t\t\t\t\t\t\t\t\t\t\t<\/div>\n\t\t\t\t<\/div>\n\t\t\t\t\t<\/div>\n\t\t<\/div>\n\t\t\t\t<div class=\"elementor-column elementor-col-50 elementor-inner-column elementor-element elementor-element-7bce281d\" data-id=\"7bce281d\" data-element_type=\"column\" data-e-type=\"column\">\n\t\t\t<div class=\"elementor-widget-wrap elementor-element-populated\">\n\t\t\t\t\t\t<div class=\"elementor-element elementor-element-37672415 elementor-widget elementor-widget-heading\" data-id=\"37672415\" data-element_type=\"widget\" data-e-type=\"widget\" data-settings=\"{&quot;ekit_we_effect_on&quot;:&quot;none&quot;}\" data-widget_type=\"heading.default\">\n\t\t\t\t<div class=\"elementor-widget-container\">\n\t\t\t\t\t<h2 class=\"elementor-heading-title elementor-size-default\">PinSound WPC-95 Audio\/Vid\u00e9o<\/h2>\t\t\t\t<\/div>\n\t\t\t\t<\/div>\n\t\t\t\t<div class=\"elementor-element elementor-element-fcba494 elementor-widget elementor-widget-heading\" data-id=\"fcba494\" data-element_type=\"widget\" data-e-type=\"widget\" data-settings=\"{&quot;ekit_we_effect_on&quot;:&quot;none&quot;}\" data-widget_type=\"heading.default\">\n\t\t\t\t<div class=\"elementor-widget-container\">\n\t\t\t\t\t<h3 class=\"elementor-heading-title elementor-size-default\">kit de remplacement<\/h3>\t\t\t\t<\/div>\n\t\t\t\t<\/div>\n\t\t\t\t<div class=\"elementor-element elementor-element-114f47c0 elementor-align-right elementor-widget elementor-widget-button\" data-id=\"114f47c0\" data-element_type=\"widget\" data-e-type=\"widget\" data-settings=\"{&quot;ekit_we_effect_on&quot;:&quot;none&quot;}\" data-widget_type=\"button.default\">\n\t\t\t\t<div class=\"elementor-widget-container\">\n\t\t\t\t\t\t\t\t\t<div class=\"elementor-button-wrapper\">\n\t\t\t\t\t<a class=\"elementor-button elementor-button-link elementor-size-xs elementor-animation-grow\" href=\"https:\/\/www.pinsound.org\/shop\/156-pinsound-wpc-95-audiovideo-bundle.html\/\">\n\t\t\t\t\t\t<span class=\"elementor-button-content-wrapper\">\n\t\t\t\t\t\t\t\t\t<span class=\"elementor-button-text\">Commandez d\u00e8s maintenant !<\/span>\n\t\t\t\t\t<\/span>\n\t\t\t\t\t<\/a>\n\t\t\t\t<\/div>\n\t\t\t\t\t\t\t\t<\/div>\n\t\t\t\t<\/div>\n\t\t\t\t\t<\/div>\n\t\t<\/div>\n\t\t\t\t\t<\/div>\n\t\t<\/section>\n\t\t\t\t\t<\/div>\n\t\t<\/div>\n\t\t\t\t\t<\/div>\n\t\t<\/section>\n\t\t\t\t<\/div>","protected":false},"excerpt":{"rendered":"<p>WPC95 Audio\/Video Replacement De quelle aide avez-vous besoin ? Comment installer Comment installer un NEO ou un PLUS dans un flipper Bally Williams WPC95 Comment installer une carte contr\u00f4leur DMDLux dans un flipper Bally Williams WPC Manuel d'installation T\u00e9l\u00e9charger le PDF PinSound WPC-95 Audio\/Video replacement kit Obtenez le v\u00f4tre maintenant !<\/p>","protected":false},"author":161,"featured_media":15967,"parent":9297,"menu_order":0,"comment_status":"closed","ping_status":"closed","template":"elementor_header_footer","meta":{"_acf_changed":false,"footnotes":""},"categories":[],"class_list":["post-10022","page","type-page","status-publish","has-post-thumbnail","hentry"],"acf":[],"_links":{"self":[{"href":"https:\/\/www.pinsound.org\/fr\/wp-json\/wp\/v2\/pages\/10022","targetHints":{"allow":["GET"]}}],"collection":[{"href":"https:\/\/www.pinsound.org\/fr\/wp-json\/wp\/v2\/pages"}],"about":[{"href":"https:\/\/www.pinsound.org\/fr\/wp-json\/wp\/v2\/types\/page"}],"author":[{"embeddable":true,"href":"https:\/\/www.pinsound.org\/fr\/wp-json\/wp\/v2\/users\/161"}],"replies":[{"embeddable":true,"href":"https:\/\/www.pinsound.org\/fr\/wp-json\/wp\/v2\/comments?post=10022"}],"version-history":[{"count":28,"href":"https:\/\/www.pinsound.org\/fr\/wp-json\/wp\/v2\/pages\/10022\/revisions"}],"predecessor-version":[{"id":31296,"href":"https:\/\/www.pinsound.org\/fr\/wp-json\/wp\/v2\/pages\/10022\/revisions\/31296"}],"up":[{"embeddable":true,"href":"https:\/\/www.pinsound.org\/fr\/wp-json\/wp\/v2\/pages\/9297"}],"wp:featuredmedia":[{"embeddable":true,"href":"https:\/\/www.pinsound.org\/fr\/wp-json\/wp\/v2\/media\/15967"}],"wp:attachment":[{"href":"https:\/\/www.pinsound.org\/fr\/wp-json\/wp\/v2\/media?parent=10022"}],"wp:term":[{"taxonomy":"category","embeddable":true,"href":"https:\/\/www.pinsound.org\/fr\/wp-json\/wp\/v2\/categories?post=10022"}],"curies":[{"name":"wp","href":"https:\/\/api.w.org\/{rel}","templated":true}]}}